{"id":1019,"date":"2021-04-29T09:33:54","date_gmt":"2021-04-29T09:33:54","guid":{"rendered":"https:\/\/www.elinditaly.com\/?page_id=1019"},"modified":"2023-12-18T09:23:56","modified_gmt":"2023-12-18T09:23:56","slug":"lavora-con-noi","status":"publish","type":"page","link":"https:\/\/www.elinditaly.com\/?page_id=1019&lang=it","title":{"rendered":"lavora-con-noi"},"content":{"rendered":"\t\t<div data-elementor-type=\"wp-page\" data-elementor-id=\"1019\" class=\"elementor elementor-1019\" data-elementor-post-type=\"page\">\n\t\t\t\t\t\t<section class=\"has_eae_slider elementor-section elementor-top-section elementor-element elementor-element-6c39b2d elementor-section-full_width elementor-section-height-default elementor-section-height-default\" data-eae-slider=\"57218\" data-id=\"6c39b2d\" data-element_type=\"section\" data-e-type=\"section\" data-settings=\"{&quot;background_background&quot;:&quot;classic&quot;}\">\n\t\t\t\t\t\t<div class=\"elementor-container elementor-column-gap-default\">\n\t\t\t\t\t<div class=\"has_eae_slider elementor-column elementor-col-100 elementor-top-column elementor-element elementor-element-aa6cce7\" data-eae-slider=\"58824\" data-id=\"aa6cce7\" data-element_type=\"column\" data-e-type=\"column\">\n\t\t\t<div class=\"elementor-widget-wrap elementor-element-populated\">\n\t\t\t\t\t\t<section class=\"has_eae_slider elementor-section elementor-inner-section elementor-element elementor-element-937f285 elementor-section-boxed elementor-section-height-default elementor-section-height-default\" data-eae-slider=\"69702\" data-id=\"937f285\" data-element_type=\"section\" data-e-type=\"section\">\n\t\t\t\t\t\t<div class=\"elementor-container elementor-column-gap-default\">\n\t\t\t\t\t<div class=\"has_eae_slider elementor-column elementor-col-50 elementor-inner-column elementor-element elementor-element-d8c158a\" data-eae-slider=\"85099\" data-id=\"d8c158a\" data-element_type=\"column\" data-e-type=\"column\">\n\t\t\t<div class=\"elementor-widget-wrap elementor-element-populated\">\n\t\t\t\t\t\t<div class=\"elementor-element elementor-element-76b3044 elementor-widget elementor-widget-heading\" data-id=\"76b3044\" data-element_type=\"widget\" data-e-type=\"widget\" data-widget_type=\"heading.default\">\n\t\t\t\t<div class=\"elementor-widget-container\">\n\t\t\t\t\t<h2 class=\"elementor-heading-title elementor-size-default\">Lavora con noi\n<\/h2>\t\t\t\t<\/div>\n\t\t\t\t<\/div>\n\t\t\t\t\t<\/div>\n\t\t<\/div>\n\t\t\t\t<div class=\"has_eae_slider elementor-column elementor-col-50 elementor-inner-column elementor-element elementor-element-127435e\" data-eae-slider=\"82358\" data-id=\"127435e\" data-element_type=\"column\" data-e-type=\"column\">\n\t\t\t<div class=\"elementor-widget-wrap\">\n\t\t\t\t\t\t\t<\/div>\n\t\t<\/div>\n\t\t\t\t\t<\/div>\n\t\t<\/section>\n\t\t\t\t<div class=\"elementor-element elementor-element-26c5909 elementor-widget-divider--view-line elementor-widget elementor-widget-divider\" data-id=\"26c5909\" data-element_type=\"widget\" data-e-type=\"widget\" data-widget_type=\"divider.default\">\n\t\t\t\t<div class=\"elementor-widget-container\">\n\t\t\t\t\t\t\t<div class=\"elementor-divider\">\n\t\t\t<span class=\"elementor-divider-separator\">\n\t\t\t\t\t\t<\/span>\n\t\t<\/div>\n\t\t\t\t\t\t<\/div>\n\t\t\t\t<\/div>\n\t\t\t\t\t<\/div>\n\t\t<\/div>\n\t\t\t\t\t<\/div>\n\t\t<\/section>\n\t\t\t\t<section class=\"has_eae_slider elementor-section elementor-top-section elementor-element elementor-element-0dd99d4 elementor-section-boxed elementor-section-height-default elementor-section-height-default\" data-eae-slider=\"75363\" data-id=\"0dd99d4\" data-element_type=\"section\" data-e-type=\"section\">\n\t\t\t\t\t\t<div class=\"elementor-container elementor-column-gap-default\">\n\t\t\t\t\t<div class=\"has_eae_slider elementor-column elementor-col-100 elementor-top-column elementor-element elementor-element-41b7673\" data-eae-slider=\"19814\" data-id=\"41b7673\" data-element_type=\"column\" data-e-type=\"column\">\n\t\t\t<div class=\"elementor-widget-wrap elementor-element-populated\">\n\t\t\t\t\t\t<section class=\"has_eae_slider elementor-section elementor-inner-section elementor-element elementor-element-2c3261d elementor-section-boxed elementor-section-height-default elementor-section-height-default\" data-eae-slider=\"8026\" data-id=\"2c3261d\" data-element_type=\"section\" data-e-type=\"section\">\n\t\t\t\t\t\t<div class=\"elementor-container elementor-column-gap-default\">\n\t\t\t\t\t<div class=\"has_eae_slider elementor-column elementor-col-50 elementor-inner-column elementor-element elementor-element-1aa3813\" data-eae-slider=\"54911\" data-id=\"1aa3813\" data-element_type=\"column\" data-e-type=\"column\">\n\t\t\t<div class=\"elementor-widget-wrap elementor-element-populated\">\n\t\t\t\t\t\t<div class=\"elementor-element elementor-element-bfc4b3e elementor-widget elementor-widget-heading\" data-id=\"bfc4b3e\" data-element_type=\"widget\" data-e-type=\"widget\" data-widget_type=\"heading.default\">\n\t\t\t\t<div class=\"elementor-widget-container\">\n\t\t\t\t\t<h2 class=\"elementor-heading-title elementor-size-default\">Siamo alla ricerca di nuove figure:\n<\/h2>\t\t\t\t<\/div>\n\t\t\t\t<\/div>\n\t\t\t\t<div class=\"elementor-element elementor-element-45873ae elementor-widget elementor-widget-text-editor\" data-id=\"45873ae\" data-element_type=\"widget\" data-e-type=\"widget\" data-widget_type=\"text-editor.default\">\n\t\t\t\t<div class=\"elementor-widget-container\">\n\t\t\t\t\t\t\t\t\t<p>Nell\u2019ambito di un potenziamento della nostra struttura organizzativa siamo alla ricerca di:<\/p>\t\t\t\t\t\t\t\t<\/div>\n\t\t\t\t<\/div>\n\t\t\t\t<div class=\"elementor-element elementor-element-6475ab2 elementor-widget elementor-widget-heading\" data-id=\"6475ab2\" data-element_type=\"widget\" data-e-type=\"widget\" data-widget_type=\"heading.default\">\n\t\t\t\t<div class=\"elementor-widget-container\">\n\t\t\t\t\t<h2 class=\"elementor-heading-title elementor-size-default\"><font color=\"#5c5b5e\"><span style=\"font-size: 20px\">INGEGNERE ELETTRONICO<\/span><\/font><\/h2>\t\t\t\t<\/div>\n\t\t\t\t<\/div>\n\t\t\t\t<div class=\"elementor-element elementor-element-0a7dfc4 elementor-widget elementor-widget-text-editor\" data-id=\"0a7dfc4\" data-element_type=\"widget\" data-e-type=\"widget\" data-widget_type=\"text-editor.default\">\n\t\t\t\t<div class=\"elementor-widget-container\">\n\t\t\t\t\t\t\t\t\t<p><span style=\"color: #5c5b5e;\"><span style=\"font-size: 18px;\">La persona selezionata sar\u00e0 inserita nell\u2019ufficio tecnico ed avr\u00e0 i seguenti compiti:<\/span><\/span><\/p>\t\t\t\t\t\t\t\t<\/div>\n\t\t\t\t<\/div>\n\t\t\t\t<div class=\"elementor-element elementor-element-021fe58 elementor-widget elementor-widget-text-editor\" data-id=\"021fe58\" data-element_type=\"widget\" data-e-type=\"widget\" data-widget_type=\"text-editor.default\">\n\t\t\t\t<div class=\"elementor-widget-container\">\n\t\t\t\t\t\t\t\t\t<ul><li><span style=\"color: #5c5b5e;\"><span style=\"font-size: 16px;\">Calcolo elettronico<\/span><\/span><\/li><li><span style=\"color: #5c5b5e;\"><span style=\"font-size: 16px;\">Progettazione elettrica dei nostri impianti<\/span><\/span><\/li><li><span style=\"color: #5c5b5e;\"><span style=\"font-size: 16px;\">Aiuto alla progettazione e collaudo dei nostri impianti<\/span><\/span><\/li><li><span style=\"color: #5c5b5e;\"><span style=\"font-size: 16px;\">Verifica apparecchiature di monitoraggio e misurazioni elettriche<\/span><\/span><\/li><li><span style=\"color: #5c5b5e;\"><span style=\"font-size: 16px;\">Aiuto alla messa in funzione degli impianti ad IGBT<\/span><\/span><\/li><li><span style=\"color: #5c5b5e;\"><span style=\"font-size: 16px;\">Adeguamento norme per la progettazione di impianti<\/span><\/span><\/li><\/ul>\t\t\t\t\t\t\t\t<\/div>\n\t\t\t\t<\/div>\n\t\t\t\t<div class=\"elementor-element elementor-element-051af6a elementor-widget elementor-widget-text-editor\" data-id=\"051af6a\" data-element_type=\"widget\" data-e-type=\"widget\" data-widget_type=\"text-editor.default\">\n\t\t\t\t<div class=\"elementor-widget-container\">\n\t\t\t\t\t\t\t\t\t<p><span style=\"color: #5c5b5e;\"><span style=\"font-size: 18px;\">Il candidato ideale dovr\u00e0 essere in possesso dei seguenti requisiti minimi:<\/span><\/span><\/p>\t\t\t\t\t\t\t\t<\/div>\n\t\t\t\t<\/div>\n\t\t\t\t<div class=\"elementor-element elementor-element-59d28af elementor-widget elementor-widget-text-editor\" data-id=\"59d28af\" data-element_type=\"widget\" data-e-type=\"widget\" data-widget_type=\"text-editor.default\">\n\t\t\t\t<div class=\"elementor-widget-container\">\n\t\t\t\t\t\t\t\t\t<ul><li><span style=\"color: #5c5b5e;\"><span style=\"font-size: 16px;\">Laurea Magistrale in Ingegneria Elettronica\/Elettrica<\/span><\/span><\/li><li><span style=\"color: #5c5b5e;\"><span style=\"font-size: 16px;\">2-3 anni di esperienza<\/span><\/span><\/li><li><span style=\"color: #5c5b5e;\"><span style=\"font-size: 16px;\">Conoscenza dell&#8217;elettronica di potenza<\/span><\/span><\/li><li><span style=\"color: #5c5b5e;\"><span style=\"font-size: 16px;\">Conoscenza degli schemi elettronici<\/span><\/span><\/li><li><span style=\"color: #5c5b5e;\"><span style=\"font-size: 16px;\">Conoscenza di automazione industriale con PLC<\/span><\/span><\/li><li><span style=\"color: #5c5b5e;\"><span style=\"font-size: 16px;\">Disponibilit\u00e0 a trasferte in Italia e all&#8217;estero di media\/lunga durata<\/span><\/span><\/li><li><span style=\"color: #5c5b5e;\"><span style=\"font-size: 16px;\">Buona conoscenza della lingua inglese (scritta e parlata)<\/span><\/span><\/li><\/ul>\t\t\t\t\t\t\t\t<\/div>\n\t\t\t\t<\/div>\n\t\t\t\t<div class=\"elementor-element elementor-element-a11bda8 elementor-widget-divider--view-line elementor-widget elementor-widget-divider\" data-id=\"a11bda8\" data-element_type=\"widget\" data-e-type=\"widget\" data-widget_type=\"divider.default\">\n\t\t\t\t<div class=\"elementor-widget-container\">\n\t\t\t\t\t\t\t<div class=\"elementor-divider\">\n\t\t\t<span class=\"elementor-divider-separator\">\n\t\t\t\t\t\t<\/span>\n\t\t<\/div>\n\t\t\t\t\t\t<\/div>\n\t\t\t\t<\/div>\n\t\t\t\t<div class=\"elementor-element elementor-element-cf2d86c elementor-widget elementor-widget-heading\" data-id=\"cf2d86c\" data-element_type=\"widget\" data-e-type=\"widget\" data-widget_type=\"heading.default\">\n\t\t\t\t<div class=\"elementor-widget-container\">\n\t\t\t\t\t<h2 class=\"elementor-heading-title elementor-size-default\"><font color=\"#5c5b5e\"><span style=\"font-size: 20px\">PROGRAMMATORE PLC<\/span><\/font><\/h2>\t\t\t\t<\/div>\n\t\t\t\t<\/div>\n\t\t\t\t<div class=\"elementor-element elementor-element-15f78e1 elementor-widget elementor-widget-text-editor\" data-id=\"15f78e1\" data-element_type=\"widget\" data-e-type=\"widget\" data-widget_type=\"text-editor.default\">\n\t\t\t\t<div class=\"elementor-widget-container\">\n\t\t\t\t\t\t\t\t\t<p><span style=\"color: #5c5b5e;\"><span style=\"font-size: 18px;\">La persona selezionata sar\u00e0 inserita nel reparto assistenza e avr\u00e0 il compito di:<\/span><\/span><\/p>\t\t\t\t\t\t\t\t<\/div>\n\t\t\t\t<\/div>\n\t\t\t\t<div class=\"elementor-element elementor-element-f578505 elementor-widget elementor-widget-text-editor\" data-id=\"f578505\" data-element_type=\"widget\" data-e-type=\"widget\" data-widget_type=\"text-editor.default\">\n\t\t\t\t<div class=\"elementor-widget-container\">\n\t\t\t\t\t\t\t\t\t<ul><li>Progettazione e stesura software PLC e SCADA\/HMI (Siemens) dei nostri impianti con l\u2019ausilio di schemi elettrici<\/li><li>Collaudo, messa in servizio e manutenzione dei software installati negli impianti di produzione aziendale<\/li><li>Effettuare modifiche ai software su impianti gi\u00e0 esistenti\u00a0<\/li><li>Tele-service\/assistenza software su impianti in funzione presso clienti\u00a0<\/li><li>Richiesta e valutazione di eventuali preventivi per lavori software dati in esterno<\/li><li>Elaborazione del software di comando e controllo degli impianti di produzione aziendale su PLC, di qualsiasi marca richiesta dai Clienti e su sistemi SCADA di supervisione<\/li><\/ul>\t\t\t\t\t\t\t\t<\/div>\n\t\t\t\t<\/div>\n\t\t\t\t<div class=\"elementor-element elementor-element-0bc54b3 elementor-widget elementor-widget-text-editor\" data-id=\"0bc54b3\" data-element_type=\"widget\" data-e-type=\"widget\" data-widget_type=\"text-editor.default\">\n\t\t\t\t<div class=\"elementor-widget-container\">\n\t\t\t\t\t\t\t\t\t<p><span style=\"font-size: 18px; color: rgb(92, 91, 94); font-style: inherit; font-weight: inherit;\">Il candidato ideale dovr\u00e0 essere in possesso dei seguenti requisiti minimi:<\/span><br><\/p>\t\t\t\t\t\t\t\t<\/div>\n\t\t\t\t<\/div>\n\t\t\t\t<div class=\"elementor-element elementor-element-5f53761 elementor-widget elementor-widget-text-editor\" data-id=\"5f53761\" data-element_type=\"widget\" data-e-type=\"widget\" data-widget_type=\"text-editor.default\">\n\t\t\t\t<div class=\"elementor-widget-container\">\n\t\t\t\t\t\t\t\t\t<ul>\n<li><li>Diploma di perito elettronico e\/o informatico<\/li><li>Esperienza almeno quinquennale in tale posizione<\/li><li>Disponibilit\u00e0 a trasferte in Italia e all\u2019estero di media\/lunga durata<\/li><li>Conoscenza di PLC SIEMENS TIA-PORTAL S7-1500<\/li><li>Conoscenza dei linguaggi di programmazione KOP, SCL, AWL<\/li><li>Conoscenza nell\u2019utilizzo di programmi per lo sviluppo software PLC (TiaPortal, Step7, WinCC flexible ecc.)<\/li><li>Conoscenza della Safety Integrated per lo sviluppo della logica Safety all\u2019interno del programma PLC<\/li><li>Conoscenza di protocolli di comunicazione esempio (I\/O Device, Put&amp;Get, Protocollo S7, OPC UA)<\/li><li>Conoscenza della programmazione di azionamenti per motori asincroni e sincroni (Siemens, Lenze, ABB); esempio: Siemens G120, Lenze I550s, ACS355<\/li><li>Conoscenza della programmazione di azionamenti per servomotori (Siemens, Lenze); esempio: S210, S120, Topline 8400<\/li><li>Capacit\u00e0 di lettura e interpretazione di schemi elettrici<\/li><li>Buona conoscenza della lingua inglese (scritta e parlata)<\/li><li>Ottime capacit\u00e0 di relazione interpersonale (gestione team e contatto con clienti) e spiccata capacit\u00e0 di problem solving<\/li><\/li>\n<\/ul>\t\t\t\t\t\t\t\t<\/div>\n\t\t\t\t<\/div>\n\t\t\t\t<div class=\"elementor-element elementor-element-9c46697 elementor-widget-divider--view-line elementor-widget elementor-widget-divider\" data-id=\"9c46697\" data-element_type=\"widget\" data-e-type=\"widget\" data-widget_type=\"divider.default\">\n\t\t\t\t<div class=\"elementor-widget-container\">\n\t\t\t\t\t\t\t<div class=\"elementor-divider\">\n\t\t\t<span class=\"elementor-divider-separator\">\n\t\t\t\t\t\t<\/span>\n\t\t<\/div>\n\t\t\t\t\t\t<\/div>\n\t\t\t\t<\/div>\n\t\t\t\t<div class=\"elementor-element elementor-element-76e48ef elementor-widget elementor-widget-text-editor\" data-id=\"76e48ef\" data-element_type=\"widget\" data-e-type=\"widget\" data-widget_type=\"text-editor.default\">\n\t\t\t\t<div class=\"elementor-widget-container\">\n\t\t\t\t\t\t\t\t\t<p>L\u2019inquadramento e la retribuzione saranno commisurati alle effettive capacit\u00e0 del candidato.<br \/>Inviare il CV all\u2019indirizzo mail\u00a0<a style=\"color: #5c5b5e;\" href=\"mailto:hr@elinditaly.com\"><strong>hr@elinditaly.com<\/strong><\/a>\u00a0(verranno presi in considerazione solo i CV attinenti all\u2019annuncio).<\/p>\t\t\t\t\t\t\t\t<\/div>\n\t\t\t\t<\/div>\n\t\t\t\t<div class=\"elementor-element elementor-element-8217731 elementor-widget-divider--view-line elementor-widget elementor-widget-divider\" data-id=\"8217731\" data-element_type=\"widget\" data-e-type=\"widget\" data-widget_type=\"divider.default\">\n\t\t\t\t<div class=\"elementor-widget-container\">\n\t\t\t\t\t\t\t<div class=\"elementor-divider\">\n\t\t\t<span class=\"elementor-divider-separator\">\n\t\t\t\t\t\t<\/span>\n\t\t<\/div>\n\t\t\t\t\t\t<\/div>\n\t\t\t\t<\/div>\n\t\t\t\t<div class=\"elementor-element elementor-element-8d9938c elementor-widget elementor-widget-heading\" data-id=\"8d9938c\" data-element_type=\"widget\" data-e-type=\"widget\" data-widget_type=\"heading.default\">\n\t\t\t\t<div class=\"elementor-widget-container\">\n\t\t\t\t\t<h2 class=\"elementor-heading-title elementor-size-default\">Per lavorare in Elind devi avere le giuste motivazioni!\n<\/h2>\t\t\t\t<\/div>\n\t\t\t\t<\/div>\n\t\t\t\t<div class=\"elementor-element elementor-element-62efb87 elementor-widget elementor-widget-text-editor\" data-id=\"62efb87\" data-element_type=\"widget\" data-e-type=\"widget\" data-widget_type=\"text-editor.default\">\n\t\t\t\t<div class=\"elementor-widget-container\">\n\t\t\t\t\t\t\t\t\t<div class=\"col-sm-6 txt-col\">\n<div class=\"content\">\n<p>Farai parte di una azienda di respiro internazionale, presente con oltre 1600 impianti in pi\u00f9 di 30 paesi nel mondo, dove la tecnologia e l\u2019innovazione costituiscono gli elementi fondanti del nostro lavoro. Sarai inserito in un team altamente qualificato, in un ambiente dinamico che ha l\u2019aspirazione di migliorare continuamente e contribuire efficacemente ad incrementare la presenza internazionale della societ\u00e0. Potrai crescere professionalmente in diversi ambiti e avrai ottime possibilit\u00e0 di dimostrare quali sono le tue reali capacit\u00e0! Se condividi il nostro spirito puoi inviare il tuo CV all&#8217;indirizzo: <a style=\"color: #5c5b5e;\" href=\"mailto:hr@elinditaly.com\"><strong>hr@elinditaly.com<\/strong><\/a>.<\/p>\n<p>Ti aspettiamo&#8230;<\/p>\n<\/div>\n<\/div>\n<div class=\"col-sm-6 img-col\">&nbsp;<\/div>\t\t\t\t\t\t\t\t<\/div>\n\t\t\t\t<\/div>\n\t\t\t\t\t<\/div>\n\t\t<\/div>\n\t\t\t\t<div class=\"has_eae_slider elementor-column elementor-col-50 elementor-inner-column elementor-element elementor-element-e9d3784\" data-eae-slider=\"15967\" data-id=\"e9d3784\" data-element_type=\"column\" data-e-type=\"column\">\n\t\t\t<div class=\"elementor-widget-wrap elementor-element-populated\">\n\t\t\t\t\t\t<div class=\"elementor-element elementor-element-cc63723 elementor-widget elementor-widget-image\" data-id=\"cc63723\" data-element_type=\"widget\" data-e-type=\"widget\" data-widget_type=\"image.default\">\n\t\t\t\t<div class=\"elementor-widget-container\">\n\t\t\t\t\t\t\t\t\t\t\t\t\t\t\t<img fetchpriority=\"high\" decoding=\"async\" width=\"538\" height=\"538\" src=\"https:\/\/www.elinditaly.com\/wp-content\/uploads\/2021\/04\/COMPOSIT-LavoraConNoi.png\" class=\"attachment-large size-large wp-image-373\" alt=\"\" srcset=\"https:\/\/www.elinditaly.com\/wp-content\/uploads\/2021\/04\/COMPOSIT-LavoraConNoi.png 538w, https:\/\/www.elinditaly.com\/wp-content\/uploads\/2021\/04\/COMPOSIT-LavoraConNoi-300x300.png 300w, https:\/\/www.elinditaly.com\/wp-content\/uploads\/2021\/04\/COMPOSIT-LavoraConNoi-150x150.png 150w\" sizes=\"(max-width: 538px) 100vw, 538px\" \/>\t\t\t\t\t\t\t\t\t\t\t\t\t\t\t<\/div>\n\t\t\t\t<\/div>\n\t\t\t\t\t<\/div>\n\t\t<\/div>\n\t\t\t\t\t<\/div>\n\t\t<\/section>\n\t\t\t\t\t<\/div>\n\t\t<\/div>\n\t\t\t\t\t<\/div>\n\t\t<\/section>\n\t\t\t\t<\/div>\n\t\t","protected":false},"excerpt":{"rendered":"<p>Lavora con noi Siamo alla ricerca di nuove figure: Nell\u2019ambito di un potenziamento della nostra struttura organizzativa siamo alla ricerca di: INGEGNERE ELETTRONICO La persona selezionata sar\u00e0 inserita nell\u2019ufficio tecnico ed avr\u00e0 i seguenti compiti: Calcolo elettronico Progettazione elettrica dei nostri impianti Aiuto alla progettazione e collaudo dei nostri impianti Verifica apparecchiature di monitoraggio e [&hellip;]<\/p>\n","protected":false},"author":1,"featured_media":0,"parent":0,"menu_order":0,"comment_status":"closed","ping_status":"closed","template":"","meta":{"site-sidebar-layout":"no-sidebar","site-content-layout":"page-builder","ast-site-content-layout":"default","site-content-style":"default","site-sidebar-style":"default","ast-global-header-display":"","ast-banner-title-visibility":"","ast-main-header-display":"","ast-hfb-above-header-display":"","ast-hfb-below-header-display":"","ast-hfb-mobile-header-display":"","site-post-title":"disabled","ast-breadcrumbs-content":"","ast-featured-img":"disabled","footer-sml-layout":"","ast-disable-related-posts":"","theme-transparent-header-meta":"default","adv-header-id-meta":"","stick-header-meta":"","header-above-stick-meta":"","header-main-stick-meta":"","header-below-stick-meta":"","astra-migrate-meta-layouts":"default","ast-page-background-enabled":"default","ast-page-background-meta":{"desktop":{"background-color":"var(--ast-global-color-4)","background-image":"","background-repeat":"repeat","background-position":"center center","background-size":"auto","background-attachment":"scroll","background-type":"","background-media":"","overlay-type":"","overlay-color":"","overlay-opacity":"","overlay-gradient":""},"tablet":{"background-color":"","background-image":"","background-repeat":"repeat","background-position":"center center","background-size":"auto","background-attachment":"scroll","background-type":"","background-media":"","overlay-type":"","overlay-color":"","overlay-opacity":"","overlay-gradient":""},"mobile":{"background-color":"","background-image":"","background-repeat":"repeat","background-position":"center center","background-size":"auto","background-attachment":"scroll","background-type":"","background-media":"","overlay-type":"","overlay-color":"","overlay-opacity":"","overlay-gradient":""}},"ast-content-background-meta":{"desktop":{"background-color":"var(--ast-global-color-5)","background-image":"","background-repeat":"repeat","background-position":"center center","background-size":"auto","background-attachment":"scroll","background-type":"","background-media":"","overlay-type":"","overlay-color":"","overlay-opacity":"","overlay-gradient":""},"tablet":{"background-color":"var(--ast-global-color-5)","background-image":"","background-repeat":"repeat","background-position":"center center","background-size":"auto","background-attachment":"scroll","background-type":"","background-media":"","overlay-type":"","overlay-color":"","overlay-opacity":"","overlay-gradient":""},"mobile":{"background-color":"var(--ast-global-color-5)","background-image":"","background-repeat":"repeat","background-position":"center center","background-size":"auto","background-attachment":"scroll","background-type":"","background-media":"","overlay-type":"","overlay-color":"","overlay-opacity":"","overlay-gradient":""}},"footnotes":""},"class_list":["post-1019","page","type-page","status-publish","hentry"],"_links":{"self":[{"href":"https:\/\/www.elinditaly.com\/index.php?rest_route=\/wp\/v2\/pages\/1019","targetHints":{"allow":["GET"]}}],"collection":[{"href":"https:\/\/www.elinditaly.com\/index.php?rest_route=\/wp\/v2\/pages"}],"about":[{"href":"https:\/\/www.elinditaly.com\/index.php?rest_route=\/wp\/v2\/types\/page"}],"author":[{"embeddable":true,"href":"https:\/\/www.elinditaly.com\/index.php?rest_route=\/wp\/v2\/users\/1"}],"replies":[{"embeddable":true,"href":"https:\/\/www.elinditaly.com\/index.php?rest_route=%2Fwp%2Fv2%2Fcomments&post=1019"}],"version-history":[{"count":38,"href":"https:\/\/www.elinditaly.com\/index.php?rest_route=\/wp\/v2\/pages\/1019\/revisions"}],"predecessor-version":[{"id":1378,"href":"https:\/\/www.elinditaly.com\/index.php?rest_route=\/wp\/v2\/pages\/1019\/revisions\/1378"}],"wp:attachment":[{"href":"https:\/\/www.elinditaly.com\/index.php?rest_route=%2Fwp%2Fv2%2Fmedia&parent=1019"}],"curies":[{"name":"wp","href":"https:\/\/api.w.org\/{rel}","templated":true}]}}