{"id":1097,"date":"2021-04-29T10:27:42","date_gmt":"2021-04-29T10:27:42","guid":{"rendered":"https:\/\/www.elinditaly.com\/?page_id=1097"},"modified":"2021-04-29T10:28:15","modified_gmt":"2021-04-29T10:28:15","slug":"riscaldo-totale","status":"publish","type":"page","link":"https:\/\/www.elinditaly.com\/?page_id=1097&lang=it","title":{"rendered":"riscaldo-totale"},"content":{"rendered":"\t\t<div data-elementor-type=\"wp-page\" data-elementor-id=\"1097\" class=\"elementor elementor-1097\" data-elementor-post-type=\"page\">\n\t\t\t\t\t\t<section class=\"has_eae_slider elementor-section elementor-top-section elementor-element elementor-element-458cc0a9 elementor-section-full_width elementor-section-height-default elementor-section-height-default\" data-eae-slider=\"35924\" data-id=\"458cc0a9\" data-element_type=\"section\" data-e-type=\"section\" data-settings=\"{&quot;background_background&quot;:&quot;classic&quot;}\">\n\t\t\t\t\t\t<div class=\"elementor-container elementor-column-gap-default\">\n\t\t\t\t\t<div class=\"has_eae_slider elementor-column elementor-col-100 elementor-top-column elementor-element elementor-element-10285bc4\" data-eae-slider=\"3145\" data-id=\"10285bc4\" data-element_type=\"column\" data-e-type=\"column\">\n\t\t\t<div class=\"elementor-widget-wrap elementor-element-populated\">\n\t\t\t\t\t\t<section class=\"has_eae_slider elementor-section elementor-inner-section elementor-element elementor-element-5f84431 elementor-section-boxed elementor-section-height-default elementor-section-height-default\" data-eae-slider=\"3846\" data-id=\"5f84431\" data-element_type=\"section\" data-e-type=\"section\">\n\t\t\t\t\t\t<div class=\"elementor-container elementor-column-gap-default\">\n\t\t\t\t\t<div class=\"has_eae_slider elementor-column elementor-col-100 elementor-inner-column elementor-element elementor-element-463d6752\" data-eae-slider=\"9651\" data-id=\"463d6752\" data-element_type=\"column\" data-e-type=\"column\">\n\t\t\t<div class=\"elementor-widget-wrap elementor-element-populated\">\n\t\t\t\t\t\t<div class=\"elementor-element elementor-element-cae9b87 elementor-widget elementor-widget-heading\" data-id=\"cae9b87\" data-element_type=\"widget\" data-e-type=\"widget\" data-widget_type=\"heading.default\">\n\t\t\t\t<div class=\"elementor-widget-container\">\n\t\t\t\t\t<h2 class=\"elementor-heading-title elementor-size-default\">Linee di riscaldo totale\n<\/h2>\t\t\t\t<\/div>\n\t\t\t\t<\/div>\n\t\t\t\t\t<\/div>\n\t\t<\/div>\n\t\t\t\t\t<\/div>\n\t\t<\/section>\n\t\t\t\t<section class=\"has_eae_slider elementor-section elementor-inner-section elementor-element elementor-element-4728bf0 elementor-section-boxed elementor-section-height-default elementor-section-height-default\" data-eae-slider=\"76988\" data-id=\"4728bf0\" data-element_type=\"section\" data-e-type=\"section\">\n\t\t\t\t\t\t<div class=\"elementor-container elementor-column-gap-default\">\n\t\t\t\t\t<div class=\"has_eae_slider elementor-column elementor-col-50 elementor-inner-column elementor-element elementor-element-5ea2aa10\" data-eae-slider=\"24186\" data-id=\"5ea2aa10\" data-element_type=\"column\" data-e-type=\"column\">\n\t\t\t<div class=\"elementor-widget-wrap elementor-element-populated\">\n\t\t\t\t\t\t<div class=\"elementor-element elementor-element-6611da5b elementor-widget elementor-widget-text-editor\" data-id=\"6611da5b\" data-element_type=\"widget\" data-e-type=\"widget\" data-widget_type=\"text-editor.default\">\n\t\t\t\t<div class=\"elementor-widget-container\">\n\t\t\t\t\t\t\t\t\t<div class=\"col-sm-6 col-xs-12 blue-box borderLeft\"><div class=\"col-sm-6 col-xs-12 blue-box borderLeft\"><div class=\"col-sm-1\"><div class=\"col-sm-6 col-xs-12 blue-box borderLeft\"><div class=\"col-sm-6 col-xs-12 blue-box borderLeft\"><p>Questa tipologia di impianti \u00e8 destinata al riscaldo di pezzi precesoiati di materiali ferrosi e non ferrosi per il successivo stampaggio a caldo.<\/p><p>Pu\u00f2 essere equipaggiata con sistemi di avanzamento a ruote, a cingolo o a pinza. Su richiesta pu\u00f2 essere dotata di caricatore automatico alla rinfusa o a tapparella, sistema di traslazione automatico degli induttori, sistema di scarico a tre vie in combinazione con pirometro ottico, sistema di termoregolazione e sistema di parzializzazione dell\u2019induttore di riscaldo.<\/p><\/div><div class=\"col-sm-5 col-xs-12 txt-col-2 blue-box\">\u00a0<\/div><\/div><\/div><\/div><\/div>\t\t\t\t\t\t\t\t<\/div>\n\t\t\t\t<\/div>\n\t\t\t\t\t<\/div>\n\t\t<\/div>\n\t\t\t\t<div class=\"has_eae_slider elementor-column elementor-col-50 elementor-inner-column elementor-element elementor-element-3b774810\" data-eae-slider=\"32541\" data-id=\"3b774810\" data-element_type=\"column\" data-e-type=\"column\">\n\t\t\t<div class=\"elementor-widget-wrap elementor-element-populated\">\n\t\t\t\t\t\t<div class=\"elementor-element elementor-element-6a26ffe2 elementor-widget elementor-widget-heading\" data-id=\"6a26ffe2\" data-element_type=\"widget\" data-e-type=\"widget\" data-widget_type=\"heading.default\">\n\t\t\t\t<div class=\"elementor-widget-container\">\n\t\t\t\t\t<h2 class=\"elementor-heading-title elementor-size-default\">VANTAGGI\n<\/h2>\t\t\t\t<\/div>\n\t\t\t\t<\/div>\n\t\t\t\t<div class=\"elementor-element elementor-element-7b76c5d8 elementor-widget elementor-widget-text-editor\" data-id=\"7b76c5d8\" data-element_type=\"widget\" data-e-type=\"widget\" data-widget_type=\"text-editor.default\">\n\t\t\t\t<div class=\"elementor-widget-container\">\n\t\t\t\t\t\t\t\t\t<div class=\"container-fluid\"><div class=\"row\"><div class=\"col-xs-12 blue-col row\"><div class=\"col-sm-5 col-xs-12 txt-col-2 blue-box\"><ul><li>Elevata efficienza: il calore si sviluppa direttamente nel pezzo eliminando le perdite legate al trasferimento<\/li><li>Spazi ridotti: permette di concentrare potenze elevate in pochi metri<\/li><li>Utilizzo immediato: non sono necessari cicli di riscaldo a vuoto<\/li><li>Sostenibilit\u00e0: non ci sono emissioni in atmosfera<\/li><li>Ripetitivit\u00e0 del processo: ogni pezzo subisce lo stesso trattamento<\/li><li>Elevata redditivit\u00e0: ritorno dell\u2019investimento in tempi rapidi<\/li><\/ul><\/div><\/div><\/div><\/div>\t\t\t\t\t\t\t\t<\/div>\n\t\t\t\t<\/div>\n\t\t\t\t\t<\/div>\n\t\t<\/div>\n\t\t\t\t\t<\/div>\n\t\t<\/section>\n\t\t\t\t<div class=\"elementor-element elementor-element-5b90dbc elementor-widget elementor-widget-spacer\" data-id=\"5b90dbc\" data-element_type=\"widget\" data-e-type=\"widget\" data-widget_type=\"spacer.default\">\n\t\t\t\t<div class=\"elementor-widget-container\">\n\t\t\t\t\t\t\t<div class=\"elementor-spacer\">\n\t\t\t<div class=\"elementor-spacer-inner\"><\/div>\n\t\t<\/div>\n\t\t\t\t\t\t<\/div>\n\t\t\t\t<\/div>\n\t\t\t\t<section class=\"has_eae_slider elementor-section elementor-inner-section elementor-element elementor-element-4a44f232 elementor-section-boxed elementor-section-height-default elementor-section-height-default\" data-eae-slider=\"68799\" data-id=\"4a44f232\" data-element_type=\"section\" data-e-type=\"section\">\n\t\t\t\t\t\t<div class=\"elementor-container elementor-column-gap-default\">\n\t\t\t\t\t<div class=\"has_eae_slider elementor-column elementor-col-100 elementor-inner-column elementor-element elementor-element-bc635b4\" data-eae-slider=\"26368\" data-id=\"bc635b4\" data-element_type=\"column\" data-e-type=\"column\">\n\t\t\t<div class=\"elementor-widget-wrap elementor-element-populated\">\n\t\t\t\t\t\t<div class=\"elementor-element elementor-element-3a69bc59 elementor-widget elementor-widget-image\" data-id=\"3a69bc59\" data-element_type=\"widget\" data-e-type=\"widget\" data-widget_type=\"image.default\">\n\t\t\t\t<div class=\"elementor-widget-container\">\n\t\t\t\t\t\t\t\t\t\t\t\t\t\t\t\t<a href=\"#menu1\">\n\t\t\t\t\t\t\t<img decoding=\"async\" width=\"32\" height=\"17\" src=\"https:\/\/www.elinditaly.com\/wp-content\/uploads\/2021\/04\/asset-70.png\" class=\"attachment-large size-large wp-image-145\" alt=\"\" \/>\t\t\t\t\t\t\t\t<\/a>\n\t\t\t\t\t\t\t\t\t\t\t\t\t\t\t<\/div>\n\t\t\t\t<\/div>\n\t\t\t\t\t<\/div>\n\t\t<\/div>\n\t\t\t\t\t<\/div>\n\t\t<\/section>\n\t\t\t\t\t<\/div>\n\t\t<\/div>\n\t\t\t\t\t<\/div>\n\t\t<\/section>\n\t\t\t\t<section class=\"has_eae_slider elementor-section elementor-top-section elementor-element elementor-element-31c5e3e0 elementor-section-full_width elementor-section-height-default elementor-section-height-default\" data-eae-slider=\"50441\" data-id=\"31c5e3e0\" data-element_type=\"section\" data-e-type=\"section\" data-settings=\"{&quot;background_background&quot;:&quot;classic&quot;}\">\n\t\t\t\t\t\t<div class=\"elementor-container elementor-column-gap-default\">\n\t\t\t\t\t<div class=\"has_eae_slider elementor-column elementor-col-33 elementor-top-column elementor-element elementor-element-7136a194\" data-eae-slider=\"2753\" data-id=\"7136a194\" data-element_type=\"column\" data-e-type=\"column\">\n\t\t\t<div class=\"elementor-widget-wrap\">\n\t\t\t\t\t\t\t<\/div>\n\t\t<\/div>\n\t\t\t\t<div class=\"has_eae_slider elementor-column elementor-col-33 elementor-top-column elementor-element elementor-element-6f854b6\" data-eae-slider=\"399\" data-id=\"6f854b6\" data-element_type=\"column\" data-e-type=\"column\">\n\t\t\t<div class=\"elementor-widget-wrap elementor-element-populated\">\n\t\t\t\t\t\t<div class=\"elementor-element elementor-element-15d0d9ce gallery-spacing-custom elementor-widget elementor-widget-image-gallery\" data-id=\"15d0d9ce\" data-element_type=\"widget\" data-e-type=\"widget\" id=\"menu1\" data-widget_type=\"image-gallery.default\">\n\t\t\t\t<div class=\"elementor-widget-container\">\n\t\t\t\t\t\t\t<div class=\"elementor-image-gallery\">\n\t\t\t<div id='gallery-1' class='gallery galleryid-1097 gallery-columns-4 gallery-size-full'><figure class='gallery-item'>\n\t\t\t<div class='gallery-icon landscape'>\n\t\t\t\t<a data-elementor-open-lightbox=\"yes\" data-elementor-lightbox-slideshow=\"15d0d9ce\" data-elementor-lightbox-title=\"riscaldototale_big_22\" data-e-action-hash=\"#elementor-action%3Aaction%3Dlightbox%26settings%3DeyJpZCI6OTAwLCJ1cmwiOiJodHRwczpcL1wvd3d3LmVsaW5kaXRhbHkuY29tXC93cC1jb250ZW50XC91cGxvYWRzXC8yMDIxXC8wNFwvcmlzY2FsZG90b3RhbGVfYmlnXzIyLmpwZWciLCJzbGlkZXNob3ciOiIxNWQwZDljZSJ9\" href='https:\/\/www.elinditaly.com\/wp-content\/uploads\/2021\/04\/riscaldototale_big_22.jpeg'><img fetchpriority=\"high\" decoding=\"async\" width=\"1400\" height=\"850\" src=\"https:\/\/www.elinditaly.com\/wp-content\/uploads\/2021\/04\/riscaldototale_big_22.jpeg\" class=\"attachment-full size-full\" alt=\"\" srcset=\"https:\/\/www.elinditaly.com\/wp-content\/uploads\/2021\/04\/riscaldototale_big_22.jpeg 1400w, https:\/\/www.elinditaly.com\/wp-content\/uploads\/2021\/04\/riscaldototale_big_22-300x182.jpeg 300w, https:\/\/www.elinditaly.com\/wp-content\/uploads\/2021\/04\/riscaldototale_big_22-1024x622.jpeg 1024w, https:\/\/www.elinditaly.com\/wp-content\/uploads\/2021\/04\/riscaldototale_big_22-768x466.jpeg 768w\" sizes=\"(max-width: 1400px) 100vw, 1400px\" \/><\/a>\n\t\t\t<\/div><\/figure><figure class='gallery-item'>\n\t\t\t<div class='gallery-icon landscape'>\n\t\t\t\t<a data-elementor-open-lightbox=\"yes\" data-elementor-lightbox-slideshow=\"15d0d9ce\" data-elementor-lightbox-title=\"riscaldototale_big_20\" data-e-action-hash=\"#elementor-action%3Aaction%3Dlightbox%26settings%3DeyJpZCI6OTAxLCJ1cmwiOiJodHRwczpcL1wvd3d3LmVsaW5kaXRhbHkuY29tXC93cC1jb250ZW50XC91cGxvYWRzXC8yMDIxXC8wNFwvcmlzY2FsZG90b3RhbGVfYmlnXzIwLmpwZWciLCJzbGlkZXNob3ciOiIxNWQwZDljZSJ9\" href='https:\/\/www.elinditaly.com\/wp-content\/uploads\/2021\/04\/riscaldototale_big_20.jpeg'><img decoding=\"async\" width=\"1400\" height=\"850\" src=\"https:\/\/www.elinditaly.com\/wp-content\/uploads\/2021\/04\/riscaldototale_big_20.jpeg\" class=\"attachment-full size-full\" alt=\"\" srcset=\"https:\/\/www.elinditaly.com\/wp-content\/uploads\/2021\/04\/riscaldototale_big_20.jpeg 1400w, https:\/\/www.elinditaly.com\/wp-content\/uploads\/2021\/04\/riscaldototale_big_20-300x182.jpeg 300w, https:\/\/www.elinditaly.com\/wp-content\/uploads\/2021\/04\/riscaldototale_big_20-1024x622.jpeg 1024w, https:\/\/www.elinditaly.com\/wp-content\/uploads\/2021\/04\/riscaldototale_big_20-768x466.jpeg 768w\" sizes=\"(max-width: 1400px) 100vw, 1400px\" \/><\/a>\n\t\t\t<\/div><\/figure><figure class='gallery-item'>\n\t\t\t<div class='gallery-icon landscape'>\n\t\t\t\t<a data-elementor-open-lightbox=\"yes\" data-elementor-lightbox-slideshow=\"15d0d9ce\" data-elementor-lightbox-title=\"riscaldototale_big_19\" data-e-action-hash=\"#elementor-action%3Aaction%3Dlightbox%26settings%3DeyJpZCI6OTAyLCJ1cmwiOiJodHRwczpcL1wvd3d3LmVsaW5kaXRhbHkuY29tXC93cC1jb250ZW50XC91cGxvYWRzXC8yMDIxXC8wNFwvcmlzY2FsZG90b3RhbGVfYmlnXzE5LmpwZWciLCJzbGlkZXNob3ciOiIxNWQwZDljZSJ9\" href='https:\/\/www.elinditaly.com\/wp-content\/uploads\/2021\/04\/riscaldototale_big_19.jpeg'><img loading=\"lazy\" decoding=\"async\" width=\"1400\" height=\"850\" src=\"https:\/\/www.elinditaly.com\/wp-content\/uploads\/2021\/04\/riscaldototale_big_19.jpeg\" class=\"attachment-full size-full\" alt=\"\" srcset=\"https:\/\/www.elinditaly.com\/wp-content\/uploads\/2021\/04\/riscaldototale_big_19.jpeg 1400w, https:\/\/www.elinditaly.com\/wp-content\/uploads\/2021\/04\/riscaldototale_big_19-300x182.jpeg 300w, https:\/\/www.elinditaly.com\/wp-content\/uploads\/2021\/04\/riscaldototale_big_19-1024x622.jpeg 1024w, https:\/\/www.elinditaly.com\/wp-content\/uploads\/2021\/04\/riscaldototale_big_19-768x466.jpeg 768w\" sizes=\"(max-width: 1400px) 100vw, 1400px\" \/><\/a>\n\t\t\t<\/div><\/figure><figure class='gallery-item'>\n\t\t\t<div class='gallery-icon landscape'>\n\t\t\t\t<a data-elementor-open-lightbox=\"yes\" data-elementor-lightbox-slideshow=\"15d0d9ce\" data-elementor-lightbox-title=\"riscaldototale_big_18\" data-e-action-hash=\"#elementor-action%3Aaction%3Dlightbox%26settings%3DeyJpZCI6OTAzLCJ1cmwiOiJodHRwczpcL1wvd3d3LmVsaW5kaXRhbHkuY29tXC93cC1jb250ZW50XC91cGxvYWRzXC8yMDIxXC8wNFwvcmlzY2FsZG90b3RhbGVfYmlnXzE4LmpwZWciLCJzbGlkZXNob3ciOiIxNWQwZDljZSJ9\" href='https:\/\/www.elinditaly.com\/wp-content\/uploads\/2021\/04\/riscaldototale_big_18.jpeg'><img loading=\"lazy\" decoding=\"async\" width=\"1400\" height=\"850\" src=\"https:\/\/www.elinditaly.com\/wp-content\/uploads\/2021\/04\/riscaldototale_big_18.jpeg\" class=\"attachment-full size-full\" alt=\"\" srcset=\"https:\/\/www.elinditaly.com\/wp-content\/uploads\/2021\/04\/riscaldototale_big_18.jpeg 1400w, https:\/\/www.elinditaly.com\/wp-content\/uploads\/2021\/04\/riscaldototale_big_18-300x182.jpeg 300w, https:\/\/www.elinditaly.com\/wp-content\/uploads\/2021\/04\/riscaldototale_big_18-1024x622.jpeg 1024w, https:\/\/www.elinditaly.com\/wp-content\/uploads\/2021\/04\/riscaldototale_big_18-768x466.jpeg 768w\" sizes=\"(max-width: 1400px) 100vw, 1400px\" \/><\/a>\n\t\t\t<\/div><\/figure><figure class='gallery-item'>\n\t\t\t<div class='gallery-icon landscape'>\n\t\t\t\t<a data-elementor-open-lightbox=\"yes\" data-elementor-lightbox-slideshow=\"15d0d9ce\" data-elementor-lightbox-title=\"riscaldototale_big_17\" data-e-action-hash=\"#elementor-action%3Aaction%3Dlightbox%26settings%3DeyJpZCI6OTA0LCJ1cmwiOiJodHRwczpcL1wvd3d3LmVsaW5kaXRhbHkuY29tXC93cC1jb250ZW50XC91cGxvYWRzXC8yMDIxXC8wNFwvcmlzY2FsZG90b3RhbGVfYmlnXzE3LmpwZWciLCJzbGlkZXNob3ciOiIxNWQwZDljZSJ9\" href='https:\/\/www.elinditaly.com\/wp-content\/uploads\/2021\/04\/riscaldototale_big_17.jpeg'><img loading=\"lazy\" decoding=\"async\" width=\"1400\" height=\"850\" src=\"https:\/\/www.elinditaly.com\/wp-content\/uploads\/2021\/04\/riscaldototale_big_17.jpeg\" class=\"attachment-full size-full\" alt=\"\" srcset=\"https:\/\/www.elinditaly.com\/wp-content\/uploads\/2021\/04\/riscaldototale_big_17.jpeg 1400w, https:\/\/www.elinditaly.com\/wp-content\/uploads\/2021\/04\/riscaldototale_big_17-300x182.jpeg 300w, https:\/\/www.elinditaly.com\/wp-content\/uploads\/2021\/04\/riscaldototale_big_17-1024x622.jpeg 1024w, https:\/\/www.elinditaly.com\/wp-content\/uploads\/2021\/04\/riscaldototale_big_17-768x466.jpeg 768w\" sizes=\"(max-width: 1400px) 100vw, 1400px\" \/><\/a>\n\t\t\t<\/div><\/figure><figure class='gallery-item'>\n\t\t\t<div class='gallery-icon landscape'>\n\t\t\t\t<a data-elementor-open-lightbox=\"yes\" data-elementor-lightbox-slideshow=\"15d0d9ce\" data-elementor-lightbox-title=\"riscaldototale_big_16\" data-e-action-hash=\"#elementor-action%3Aaction%3Dlightbox%26settings%3DeyJpZCI6OTA1LCJ1cmwiOiJodHRwczpcL1wvd3d3LmVsaW5kaXRhbHkuY29tXC93cC1jb250ZW50XC91cGxvYWRzXC8yMDIxXC8wNFwvcmlzY2FsZG90b3RhbGVfYmlnXzE2LmpwZWciLCJzbGlkZXNob3ciOiIxNWQwZDljZSJ9\" href='https:\/\/www.elinditaly.com\/wp-content\/uploads\/2021\/04\/riscaldototale_big_16.jpeg'><img loading=\"lazy\" decoding=\"async\" width=\"1400\" height=\"850\" src=\"https:\/\/www.elinditaly.com\/wp-content\/uploads\/2021\/04\/riscaldototale_big_16.jpeg\" class=\"attachment-full size-full\" alt=\"\" srcset=\"https:\/\/www.elinditaly.com\/wp-content\/uploads\/2021\/04\/riscaldototale_big_16.jpeg 1400w, https:\/\/www.elinditaly.com\/wp-content\/uploads\/2021\/04\/riscaldototale_big_16-300x182.jpeg 300w, https:\/\/www.elinditaly.com\/wp-content\/uploads\/2021\/04\/riscaldototale_big_16-1024x622.jpeg 1024w, https:\/\/www.elinditaly.com\/wp-content\/uploads\/2021\/04\/riscaldototale_big_16-768x466.jpeg 768w\" sizes=\"(max-width: 1400px) 100vw, 1400px\" \/><\/a>\n\t\t\t<\/div><\/figure><figure class='gallery-item'>\n\t\t\t<div class='gallery-icon landscape'>\n\t\t\t\t<a data-elementor-open-lightbox=\"yes\" data-elementor-lightbox-slideshow=\"15d0d9ce\" data-elementor-lightbox-title=\"riscaldototale_big_11\" data-e-action-hash=\"#elementor-action%3Aaction%3Dlightbox%26settings%3DeyJpZCI6OTA2LCJ1cmwiOiJodHRwczpcL1wvd3d3LmVsaW5kaXRhbHkuY29tXC93cC1jb250ZW50XC91cGxvYWRzXC8yMDIxXC8wNFwvcmlzY2FsZG90b3RhbGVfYmlnXzExLmpwZWciLCJzbGlkZXNob3ciOiIxNWQwZDljZSJ9\" href='https:\/\/www.elinditaly.com\/wp-content\/uploads\/2021\/04\/riscaldototale_big_11.jpeg'><img loading=\"lazy\" decoding=\"async\" width=\"1400\" height=\"850\" src=\"https:\/\/www.elinditaly.com\/wp-content\/uploads\/2021\/04\/riscaldototale_big_11.jpeg\" class=\"attachment-full size-full\" alt=\"\" srcset=\"https:\/\/www.elinditaly.com\/wp-content\/uploads\/2021\/04\/riscaldototale_big_11.jpeg 1400w, https:\/\/www.elinditaly.com\/wp-content\/uploads\/2021\/04\/riscaldototale_big_11-300x182.jpeg 300w, https:\/\/www.elinditaly.com\/wp-content\/uploads\/2021\/04\/riscaldototale_big_11-1024x622.jpeg 1024w, https:\/\/www.elinditaly.com\/wp-content\/uploads\/2021\/04\/riscaldototale_big_11-768x466.jpeg 768w\" sizes=\"(max-width: 1400px) 100vw, 1400px\" \/><\/a>\n\t\t\t<\/div><\/figure><figure class='gallery-item'>\n\t\t\t<div class='gallery-icon landscape'>\n\t\t\t\t<a data-elementor-open-lightbox=\"yes\" data-elementor-lightbox-slideshow=\"15d0d9ce\" data-elementor-lightbox-title=\"riscaldototale_big_10\" data-e-action-hash=\"#elementor-action%3Aaction%3Dlightbox%26settings%3DeyJpZCI6OTA3LCJ1cmwiOiJodHRwczpcL1wvd3d3LmVsaW5kaXRhbHkuY29tXC93cC1jb250ZW50XC91cGxvYWRzXC8yMDIxXC8wNFwvcmlzY2FsZG90b3RhbGVfYmlnXzEwLmpwZWciLCJzbGlkZXNob3ciOiIxNWQwZDljZSJ9\" href='https:\/\/www.elinditaly.com\/wp-content\/uploads\/2021\/04\/riscaldototale_big_10.jpeg'><img loading=\"lazy\" decoding=\"async\" width=\"1400\" height=\"850\" src=\"https:\/\/www.elinditaly.com\/wp-content\/uploads\/2021\/04\/riscaldototale_big_10.jpeg\" class=\"attachment-full size-full\" alt=\"\" srcset=\"https:\/\/www.elinditaly.com\/wp-content\/uploads\/2021\/04\/riscaldototale_big_10.jpeg 1400w, https:\/\/www.elinditaly.com\/wp-content\/uploads\/2021\/04\/riscaldototale_big_10-300x182.jpeg 300w, https:\/\/www.elinditaly.com\/wp-content\/uploads\/2021\/04\/riscaldototale_big_10-1024x622.jpeg 1024w, https:\/\/www.elinditaly.com\/wp-content\/uploads\/2021\/04\/riscaldototale_big_10-768x466.jpeg 768w\" sizes=\"(max-width: 1400px) 100vw, 1400px\" \/><\/a>\n\t\t\t<\/div><\/figure><figure class='gallery-item'>\n\t\t\t<div class='gallery-icon landscape'>\n\t\t\t\t<a data-elementor-open-lightbox=\"yes\" data-elementor-lightbox-slideshow=\"15d0d9ce\" data-elementor-lightbox-title=\"riscaldototale_big_4\" data-e-action-hash=\"#elementor-action%3Aaction%3Dlightbox%26settings%3DeyJpZCI6OTA4LCJ1cmwiOiJodHRwczpcL1wvd3d3LmVsaW5kaXRhbHkuY29tXC93cC1jb250ZW50XC91cGxvYWRzXC8yMDIxXC8wNFwvcmlzY2FsZG90b3RhbGVfYmlnXzQuanBlZyIsInNsaWRlc2hvdyI6IjE1ZDBkOWNlIn0%3D\" href='https:\/\/www.elinditaly.com\/wp-content\/uploads\/2021\/04\/riscaldototale_big_4.jpeg'><img loading=\"lazy\" decoding=\"async\" width=\"1400\" height=\"850\" src=\"https:\/\/www.elinditaly.com\/wp-content\/uploads\/2021\/04\/riscaldototale_big_4.jpeg\" class=\"attachment-full size-full\" alt=\"\" srcset=\"https:\/\/www.elinditaly.com\/wp-content\/uploads\/2021\/04\/riscaldototale_big_4.jpeg 1400w, https:\/\/www.elinditaly.com\/wp-content\/uploads\/2021\/04\/riscaldototale_big_4-300x182.jpeg 300w, https:\/\/www.elinditaly.com\/wp-content\/uploads\/2021\/04\/riscaldototale_big_4-1024x622.jpeg 1024w, https:\/\/www.elinditaly.com\/wp-content\/uploads\/2021\/04\/riscaldototale_big_4-768x466.jpeg 768w\" sizes=\"(max-width: 1400px) 100vw, 1400px\" \/><\/a>\n\t\t\t<\/div><\/figure><figure class='gallery-item'>\n\t\t\t<div class='gallery-icon landscape'>\n\t\t\t\t<a data-elementor-open-lightbox=\"yes\" data-elementor-lightbox-slideshow=\"15d0d9ce\" data-elementor-lightbox-title=\"riscaldototale_big_2\" data-e-action-hash=\"#elementor-action%3Aaction%3Dlightbox%26settings%3DeyJpZCI6OTA5LCJ1cmwiOiJodHRwczpcL1wvd3d3LmVsaW5kaXRhbHkuY29tXC93cC1jb250ZW50XC91cGxvYWRzXC8yMDIxXC8wNFwvcmlzY2FsZG90b3RhbGVfYmlnXzIuanBlZyIsInNsaWRlc2hvdyI6IjE1ZDBkOWNlIn0%3D\" href='https:\/\/www.elinditaly.com\/wp-content\/uploads\/2021\/04\/riscaldototale_big_2.jpeg'><img loading=\"lazy\" decoding=\"async\" width=\"1400\" height=\"850\" src=\"https:\/\/www.elinditaly.com\/wp-content\/uploads\/2021\/04\/riscaldototale_big_2.jpeg\" class=\"attachment-full size-full\" alt=\"\" srcset=\"https:\/\/www.elinditaly.com\/wp-content\/uploads\/2021\/04\/riscaldototale_big_2.jpeg 1400w, https:\/\/www.elinditaly.com\/wp-content\/uploads\/2021\/04\/riscaldototale_big_2-300x182.jpeg 300w, https:\/\/www.elinditaly.com\/wp-content\/uploads\/2021\/04\/riscaldototale_big_2-1024x622.jpeg 1024w, https:\/\/www.elinditaly.com\/wp-content\/uploads\/2021\/04\/riscaldototale_big_2-768x466.jpeg 768w\" sizes=\"(max-width: 1400px) 100vw, 1400px\" \/><\/a>\n\t\t\t<\/div><\/figure>\n\t\t<\/div>\n\t\t<\/div>\n\t\t\t\t\t\t<\/div>\n\t\t\t\t<\/div>\n\t\t\t\t\t<\/div>\n\t\t<\/div>\n\t\t\t\t<div class=\"has_eae_slider elementor-column elementor-col-33 elementor-top-column elementor-element elementor-element-2b883c4c\" data-eae-slider=\"36435\" data-id=\"2b883c4c\" data-element_type=\"column\" data-e-type=\"column\">\n\t\t\t<div class=\"elementor-widget-wrap\">\n\t\t\t\t\t\t\t<\/div>\n\t\t<\/div>\n\t\t\t\t\t<\/div>\n\t\t<\/section>\n\t\t\t\t<\/div>\n\t\t","protected":false},"excerpt":{"rendered":"<p>Linee di riscaldo totale Questa tipologia di impianti \u00e8 destinata al riscaldo di pezzi precesoiati di materiali ferrosi e non ferrosi per il successivo stampaggio a caldo. Pu\u00f2 essere equipaggiata con sistemi di avanzamento a ruote, a cingolo o a pinza. Su richiesta pu\u00f2 essere dotata di caricatore automatico alla rinfusa o a tapparella, sistema [&hellip;]<\/p>\n","protected":false},"author":1,"featured_media":0,"parent":1036,"menu_order":0,"comment_status":"closed","ping_status":"closed","template":"","meta":{"site-sidebar-layout":"no-sidebar","site-content-layout":"page-builder","ast-site-content-layout":"default","site-content-style":"default","site-sidebar-style":"default","ast-global-header-display":"","ast-banner-title-visibility":"","ast-main-header-display":"","ast-hfb-above-header-display":"","ast-hfb-below-header-display":"","ast-hfb-mobile-header-display":"","site-post-title":"disabled","ast-breadcrumbs-content":"","ast-featured-img":"disabled","footer-sml-layout":"","ast-disable-related-posts":"","theme-transparent-header-meta":"default","adv-header-id-meta":"","stick-header-meta":"","header-above-stick-meta":"","header-main-stick-meta":"","header-below-stick-meta":"","astra-migrate-meta-layouts":"default","ast-page-background-enabled":"default","ast-page-background-meta":{"desktop":{"background-color":"var(--ast-global-color-4)","background-image":"","background-repeat":"repeat","background-position":"center center","background-size":"auto","background-attachment":"scroll","background-type":"","background-media":"","overlay-type":"","overlay-color":"","overlay-opacity":"","overlay-gradient":""},"tablet":{"background-color":"","background-image":"","background-repeat":"repeat","background-position":"center center","background-size":"auto","background-attachment":"scroll","background-type":"","background-media":"","overlay-type":"","overlay-color":"","overlay-opacity":"","overlay-gradient":""},"mobile":{"background-color":"","background-image":"","background-repeat":"repeat","background-position":"center center","background-size":"auto","background-attachment":"scroll","background-type":"","background-media":"","overlay-type":"","overlay-color":"","overlay-opacity":"","overlay-gradient":""}},"ast-content-background-meta":{"desktop":{"background-color":"var(--ast-global-color-5)","background-image":"","background-repeat":"repeat","background-position":"center center","background-size":"auto","background-attachment":"scroll","background-type":"","background-media":"","overlay-type":"","overlay-color":"","overlay-opacity":"","overlay-gradient":""},"tablet":{"background-color":"var(--ast-global-color-5)","background-image":"","background-repeat":"repeat","background-position":"center center","background-size":"auto","background-attachment":"scroll","background-type":"","background-media":"","overlay-type":"","overlay-color":"","overlay-opacity":"","overlay-gradient":""},"mobile":{"background-color":"var(--ast-global-color-5)","background-image":"","background-repeat":"repeat","background-position":"center center","background-size":"auto","background-attachment":"scroll","background-type":"","background-media":"","overlay-type":"","overlay-color":"","overlay-opacity":"","overlay-gradient":""}},"footnotes":""},"class_list":["post-1097","page","type-page","status-publish","hentry"],"_links":{"self":[{"href":"https:\/\/www.elinditaly.com\/index.php?rest_route=\/wp\/v2\/pages\/1097","targetHints":{"allow":["GET"]}}],"collection":[{"href":"https:\/\/www.elinditaly.com\/index.php?rest_route=\/wp\/v2\/pages"}],"about":[{"href":"https:\/\/www.elinditaly.com\/index.php?rest_route=\/wp\/v2\/types\/page"}],"author":[{"embeddable":true,"href":"https:\/\/www.elinditaly.com\/index.php?rest_route=\/wp\/v2\/users\/1"}],"replies":[{"embeddable":true,"href":"https:\/\/www.elinditaly.com\/index.php?rest_route=%2Fwp%2Fv2%2Fcomments&post=1097"}],"version-history":[{"count":4,"href":"https:\/\/www.elinditaly.com\/index.php?rest_route=\/wp\/v2\/pages\/1097\/revisions"}],"predecessor-version":[{"id":1101,"href":"https:\/\/www.elinditaly.com\/index.php?rest_route=\/wp\/v2\/pages\/1097\/revisions\/1101"}],"up":[{"embeddable":true,"href":"https:\/\/www.elinditaly.com\/index.php?rest_route=\/wp\/v2\/pages\/1036"}],"wp:attachment":[{"href":"https:\/\/www.elinditaly.com\/index.php?rest_route=%2Fwp%2Fv2%2Fmedia&parent=1097"}],"curies":[{"name":"wp","href":"https:\/\/api.w.org\/{rel}","templated":true}]}}